{"id":63,"date":"2023-03-07T09:42:40","date_gmt":"2023-03-07T09:42:40","guid":{"rendered":"https:\/\/wphix.com\/wp\/cetalog\/?page_id=63"},"modified":"2026-03-21T01:06:20","modified_gmt":"2026-03-21T00:06:20","slug":"seo-case-study","status":"publish","type":"page","link":"http:\/\/dofollow.cz\/en\/seo-case-study\/","title":{"rendered":"SEO case study"},"content":{"rendered":"<div data-elementor-type=\"wp-page\" data-elementor-id=\"63\" class=\"elementor elementor-63\" data-elementor-post-type=\"page\">\n\t\t\t\t\t\t<section class=\"elementor-section elementor-top-section elementor-element elementor-element-5d62152 elementor-section-boxed elementor-section-height-default elementor-section-height-default\" data-id=\"5d62152\" data-element_type=\"section\">\n\t\t\t\t\t\t<div class=\"elementor-container elementor-column-gap-default\">\n\t\t\t\t\t<div class=\"elementor-column elementor-col-100 elementor-top-column elementor-element elementor-element-e183301\" data-id=\"e183301\" data-element_type=\"column\">\n\t\t\t<div class=\"elementor-widget-wrap elementor-element-populated\">\n\t\t\t\t\t\t<div class=\"elementor-element elementor-element-9f5232c elementor-widget elementor-widget-text-editor\" data-id=\"9f5232c\" data-element_type=\"widget\" data-widget_type=\"text-editor.default\">\n\t\t\t\t<div class=\"elementor-widget-container\">\n\t\t\t\t\t\t\t\t\t<div class=\"col-lg-12 col-md-12\"><div class=\"tp-case-details-titile-wrapper\"><h3 class=\"tp-section__title\">Optimalizace pro vyhled\u00e1va\u010de Tlama Games<\/h3><p><span class=\"text-lg-center d-block\">Jak jsme pomohli eshopu k n\u00e1r\u016fstu organick\u00e9 n\u00e1v\u0161t\u011bvnosti<\/span><\/p><p class=\"text-lg-center\">Pod\u00edvejte se na v\u00fdsledy na\u0161\u00ed pr\u00e1ce pro dlouholet\u00e9ho klienta, kter\u00fd dominuje v segmentu deskov\u00fdch her<\/p><\/div><\/div><div class=\"col-md-12\"><div class=\"tp-case-details-border\"><div class=\"row\"><div class=\"col-lg-4 col-md-12\"><div class=\"tp-case-details-title\"><p>DETAILY PROJEKTU<\/p><p>V\u00fdsledky kompletn\u00ed SEO spr\u00e1vy pro eshop<\/p><\/div><\/div><div class=\"col-lg-8 col-md-12\"><div class=\"tp-case-details-item-wrapper d-flex flex-wrap justify-content-lg-end\"><div class=\"tp-case-details-items\"><p>SLU\u017dBA<\/p><p>SEO spr\u00e1va<\/p><\/div><div class=\"tp-case-details-items\"><p>KLIENT<\/p><p>Tlama Games<\/p><\/div><div class=\"tp-case-details-items\"><p>KATEGORIE:<\/p><p>SEO<\/p><\/div><div class=\"tp-case-details-items\"><p>DATUM<\/p><p>2025<\/p><\/div><\/div><\/div><\/div><\/div><\/div>\t\t\t\t\t\t\t\t<\/div>\n\t\t\t\t<\/div>\n\t\t\t\t\t<\/div>\n\t\t<\/div>\n\t\t\t\t\t<\/div>\n\t\t<\/section>\n\t\t\t\t<section class=\"elementor-section elementor-top-section elementor-element elementor-element-44e7d10 elementor-section-full_width elementor-section-height-default elementor-section-height-default\" data-id=\"44e7d10\" data-element_type=\"section\">\n\t\t\t\t\t\t<div class=\"elementor-container elementor-column-gap-no\">\n\t\t\t\t\t<div class=\"elementor-column elementor-col-100 elementor-top-column elementor-element elementor-element-4d62a87\" data-id=\"4d62a87\" data-element_type=\"column\">\n\t\t\t<div class=\"elementor-widget-wrap elementor-element-populated\">\n\t\t\t\t\t\t<div class=\"elementor-element elementor-element-8d8dbe9 elementor-widget elementor-widget-image\" data-id=\"8d8dbe9\" data-element_type=\"widget\" data-widget_type=\"image.default\">\n\t\t\t\t<div class=\"elementor-widget-container\">\n\t\t\t\t\t\t\t\t\t\t\t\t\t\t\t<img fetchpriority=\"high\" decoding=\"async\" width=\"1498\" height=\"737\" src=\"http:\/\/dofollow.cz\/wp-content\/uploads\/2023\/03\/img-1-1.jpg\" class=\"attachment-full size-full wp-image-911\" alt=\"\" srcset=\"http:\/\/dofollow.cz\/wp-content\/uploads\/2023\/03\/img-1-1.jpg 1498w, http:\/\/dofollow.cz\/wp-content\/uploads\/2023\/03\/img-1-1-300x148.jpg 300w, http:\/\/dofollow.cz\/wp-content\/uploads\/2023\/03\/img-1-1-1024x504.jpg 1024w, http:\/\/dofollow.cz\/wp-content\/uploads\/2023\/03\/img-1-1-768x378.jpg 768w\" sizes=\"(max-width: 1498px) 100vw, 1498px\" \/>\t\t\t\t\t\t\t\t\t\t\t\t\t\t\t<\/div>\n\t\t\t\t<\/div>\n\t\t\t\t\t<\/div>\n\t\t<\/div>\n\t\t\t\t\t<\/div>\n\t\t<\/section>\n\t\t\t\t<section class=\"elementor-section elementor-top-section elementor-element elementor-element-7c46b1c elementor-section-boxed elementor-section-height-default elementor-section-height-default\" data-id=\"7c46b1c\" data-element_type=\"section\">\n\t\t\t\t\t\t<div class=\"elementor-container elementor-column-gap-default\">\n\t\t\t\t\t<div class=\"elementor-column elementor-col-100 elementor-top-column elementor-element elementor-element-2167d03\" data-id=\"2167d03\" data-element_type=\"column\">\n\t\t\t<div class=\"elementor-widget-wrap elementor-element-populated\">\n\t\t\t\t\t\t<div class=\"elementor-element elementor-element-d979696 elementor-widget elementor-widget-text-editor\" data-id=\"d979696\" data-element_type=\"widget\" data-widget_type=\"text-editor.default\">\n\t\t\t\t<div class=\"elementor-widget-container\">\n\t\t\t\t\t\t\t\t\t<h3 class=\"tp-section__title tp-case-details-title\">SEO strategie Tlama Games<\/h3><p data-start=\"129\" data-end=\"373\">SEO u e-commerce projektu Tlama Games je postaven\u00e9 na systematick\u00e9m pokryt\u00ed popt\u00e1vky a schopnosti zachytit u\u017eivatele ve f\u00e1zi, kdy aktivn\u011b hled\u00e1 konkr\u00e9tn\u00ed produkt. Nejde jen o r\u016fst n\u00e1v\u0161t\u011bvnosti, ale o z\u00edsk\u00e1v\u00e1n\u00ed dotaz\u016f s vysok\u00fdm n\u00e1kupn\u00edm z\u00e1m\u011brem.<\/p><p data-start=\"375\" data-end=\"667\">Sou\u010d\u00e1st\u00ed strategie je kombinace klasick\u00e9ho organick\u00e9ho vyhled\u00e1v\u00e1n\u00ed a AI kan\u00e1l\u016f (ChatGPT, AI Overviews, Perplexity), kter\u00e9 dnes vstupuj\u00ed do rozhodovac\u00edho procesu u\u017eivatel\u016f. C\u00edlem bylo zajistit maxim\u00e1ln\u00ed viditelnost nap\u0159\u00ed\u010d t\u011bmito zdroji a dostat produkty i kategorie mezi doporu\u010dovan\u00e9 odpov\u011bdi.<\/p><p class=\"tp-case-details-p1\">\u00a0<\/p><p data-start=\"669\" data-end=\"870\">Z\u00e1klad tvo\u0159\u00ed t\u0159i pil\u00ed\u0159e: technick\u00e1 stabilita webu, \u0161k\u00e1lovateln\u00fd obsah pokr\u00fdvaj\u00edc\u00ed long-tail dotazy a \u0161irok\u00fd obsahov\u00fd footprint, kter\u00fd umo\u017e\u0148uje z\u00edsk\u00e1vat jak organick\u00e9 pozice, tak citace v AI n\u00e1stroj\u00edch.<\/p><h2><span class=\"tp-case-details-span1\">Jak jsme postupovali p\u0159i SEO spr\u00e1v\u011b<\/span><\/h2><p data-start=\"895\" data-end=\"1078\">Projekt je \u0159\u00edzen jako kontinu\u00e1ln\u00ed optimaliza\u010dn\u00ed proces zalo\u017een\u00fd na datech. Vyu\u017e\u00edv\u00e1me GA4, GSC a AI traffic pro identifikaci p\u0159\u00edle\u017eitost\u00ed a jejich prioritizaci podle dopadu na revenue.<\/p><p data-start=\"1080\" data-end=\"1321\">Technick\u00e1 \u010d\u00e1st zahrnuje optimalizaci indexace, kanonikalizace a intern\u00ed struktury tak, aby byl web dob\u0159e crawlable a srozumiteln\u00fd pro vyhled\u00e1va\u010de i AI modely. Kl\u00ed\u010dov\u00e9 je odstran\u011bn\u00ed duplicit, spr\u00e1vn\u00e9 sm\u011brov\u00e1n\u00ed sign\u00e1l\u016f a stabiln\u00ed architektura.<\/p><p data-start=\"1323\" data-end=\"1507\">Obsahov\u00e1 strategie c\u00edl\u00ed na konkr\u00e9tn\u00ed dotazy \u2013 od n\u00e1zv\u016f her p\u0159es expanze a\u017e po p\u0159\u00edslu\u0161enstv\u00ed. D\u00edky tomu web pokr\u00fdv\u00e1 \u0161irok\u00e9 spektrum long-tail dotaz\u016f s vysokou pravd\u011bpodobnost\u00ed konverze.<\/p><p class=\"tp-case-details-p4\">V\u00fdkon je pr\u016fb\u011b\u017en\u011b vyhodnocov\u00e1n na \u00farovni n\u00e1v\u0161t\u011bvnosti, objedn\u00e1vek a revenue. Ka\u017ed\u00e1 zm\u011bna se hodnot\u00ed podle re\u00e1ln\u00e9ho business dopadu.\u00a0<\/p>\t\t\t\t\t\t\t\t<\/div>\n\t\t\t\t<\/div>\n\t\t\t\t\t<\/div>\n\t\t<\/div>\n\t\t\t\t\t<\/div>\n\t\t<\/section>\n\t\t\t\t<section class=\"elementor-section elementor-top-section elementor-element elementor-element-9f8a6ec elementor-section-boxed elementor-section-height-default elementor-section-height-default\" data-id=\"9f8a6ec\" data-element_type=\"section\">\n\t\t\t\t\t\t<div class=\"elementor-container elementor-column-gap-default\">\n\t\t\t\t\t<div class=\"elementor-column elementor-col-50 elementor-top-column elementor-element elementor-element-b2b743b\" data-id=\"b2b743b\" data-element_type=\"column\">\n\t\t\t<div class=\"elementor-widget-wrap elementor-element-populated\">\n\t\t\t\t\t\t<div class=\"elementor-element elementor-element-deae791 elementor-widget elementor-widget-image\" data-id=\"deae791\" data-element_type=\"widget\" data-widget_type=\"image.default\">\n\t\t\t\t<div class=\"elementor-widget-container\">\n\t\t\t\t\t\t\t\t\t\t\t\t\t\t\t<img decoding=\"async\" width=\"400\" height=\"400\" src=\"http:\/\/dofollow.cz\/wp-content\/uploads\/2023\/03\/bar.jpg\" class=\"attachment-large size-large wp-image-935\" alt=\"\" srcset=\"http:\/\/dofollow.cz\/wp-content\/uploads\/2023\/03\/bar.jpg 400w, http:\/\/dofollow.cz\/wp-content\/uploads\/2023\/03\/bar-300x300.jpg 300w, http:\/\/dofollow.cz\/wp-content\/uploads\/2023\/03\/bar-150x150.jpg 150w, http:\/\/dofollow.cz\/wp-content\/uploads\/2023\/03\/bar-220x220.jpg 220w\" sizes=\"(max-width: 400px) 100vw, 400px\" \/>\t\t\t\t\t\t\t\t\t\t\t\t\t\t\t<\/div>\n\t\t\t\t<\/div>\n\t\t\t\t\t<\/div>\n\t\t<\/div>\n\t\t\t\t<div class=\"elementor-column elementor-col-50 elementor-top-column elementor-element elementor-element-385eca1\" data-id=\"385eca1\" data-element_type=\"column\">\n\t\t\t<div class=\"elementor-widget-wrap elementor-element-populated\">\n\t\t\t\t\t\t<div class=\"elementor-element elementor-element-26e4dbe elementor-widget elementor-widget-text-editor\" data-id=\"26e4dbe\" data-element_type=\"widget\" data-widget_type=\"text-editor.default\">\n\t\t\t\t<div class=\"elementor-widget-container\">\n\t\t\t\t\t\t\t\t\t<h2>Jak narostl v\u00fdkon a prodeje<\/h2><p data-start=\"153\" data-end=\"476\">SEO v\u00fdkon Tlama Games je v\u00fdsledkem dlouhodob\u00e9 pr\u00e1ce na pokryt\u00ed popt\u00e1vky a \u0161k\u00e1lov\u00e1n\u00ed obsahu. B\u011bhem posledn\u00edch let se poda\u0159ilo vybudovat stabiln\u00ed organick\u00fd kan\u00e1l a sou\u010dasn\u011b otev\u0159\u00edt nov\u00fd zdroj n\u00e1v\u0161t\u011bvnosti v podob\u011b AI vyhled\u00e1v\u00e1n\u00ed, kter\u00e9 meziro\u010dn\u011b narostlo z 86 na 7 635 sessions (+8 777 %) a p\u0159ineslo 44 objedn\u00e1vek (+1 000 %).<\/p><p data-start=\"478\" data-end=\"811\">Digit\u00e1ln\u00ed prost\u0159ed\u00ed se rychle m\u011bn\u00ed a spolu s n\u00edm i chov\u00e1n\u00ed u\u017eivatel\u016f. Vedle klasick\u00e9ho vyhled\u00e1v\u00e1n\u00ed dnes roste v\u00fdznam AI n\u00e1stroj\u016f, kde m\u00e1 Tlama Games 339 citac\u00ed v ChatGPT (+68) a celkem 279 citovan\u00fdch URL (+41). Tento \u0161irok\u00fd obsahov\u00fd footprint umo\u017e\u0148uje zasahovat u\u017eivatele nejen v Google, ale i v AI odpov\u011bd\u00edch nap\u0159\u00ed\u010d stovkami dotaz\u016f.<\/p>\t\t\t\t\t\t\t\t<\/div>\n\t\t\t\t<\/div>\n\t\t\t\t\t<\/div>\n\t\t<\/div>\n\t\t\t\t\t<\/div>\n\t\t<\/section>\n\t\t\t\t<section class=\"elementor-section elementor-top-section elementor-element elementor-element-1b77fce elementor-section-full_width elementor-section-height-default elementor-section-height-default\" data-id=\"1b77fce\" data-element_type=\"section\">\n\t\t\t\t\t\t<div class=\"elementor-container elementor-column-gap-no\">\n\t\t\t\t\t<div class=\"elementor-column elementor-col-100 elementor-top-column elementor-element elementor-element-1350913\" data-id=\"1350913\" data-element_type=\"column\">\n\t\t\t<div class=\"elementor-widget-wrap elementor-element-populated\">\n\t\t\t\t\t\t<div class=\"elementor-element elementor-element-57ac934 elementor-widget elementor-widget-image-gallery\" data-id=\"57ac934\" data-element_type=\"widget\" data-widget_type=\"image-gallery.default\">\n\t\t\t\t<div class=\"elementor-widget-container\">\n\t\t\t\t\t\r\n \r\n\r\n    <div class=\"plr-210 pt-60 fix\">\r\n        <div class=\"tp-casedetails-active\">\r\n                        <div class=\"case-detials-slider\">\r\n                <img decoding=\"async\" src=\"http:\/\/dofollow.cz\/wp-content\/uploads\/2023\/03\/img-2-2.jpg\" alt=\"\">\r\n            <\/div>\r\n                        <div class=\"case-detials-slider\">\r\n                <img decoding=\"async\" src=\"http:\/\/dofollow.cz\/wp-content\/uploads\/2023\/03\/img-3-1.jpg\" alt=\"\">\r\n            <\/div>\r\n                        <div class=\"case-detials-slider\">\r\n                <img decoding=\"async\" src=\"http:\/\/dofollow.cz\/wp-content\/uploads\/2023\/03\/img-4-1.jpg\" alt=\"\">\r\n            <\/div>\r\n                    <\/div>\r\n    <\/div>\r\n\r\n\r\n\t\t\t\t<\/div>\n\t\t\t\t<\/div>\n\t\t\t\t\t<\/div>\n\t\t<\/div>\n\t\t\t\t\t<\/div>\n\t\t<\/section>\n\t\t\t\t<section class=\"elementor-section elementor-top-section elementor-element elementor-element-1b53432 elementor-section-boxed elementor-section-height-default elementor-section-height-default\" data-id=\"1b53432\" data-element_type=\"section\">\n\t\t\t\t\t\t<div class=\"elementor-container elementor-column-gap-default\">\n\t\t\t\t\t<div class=\"elementor-column elementor-col-100 elementor-top-column elementor-element elementor-element-6ddf338\" data-id=\"6ddf338\" data-element_type=\"column\">\n\t\t\t<div class=\"elementor-widget-wrap elementor-element-populated\">\n\t\t\t\t\t\t<div class=\"elementor-element elementor-element-a4d187e elementor-widget elementor-widget-text-editor\" data-id=\"a4d187e\" data-element_type=\"widget\" data-widget_type=\"text-editor.default\">\n\t\t\t\t<div class=\"elementor-widget-container\">\n\t\t\t\t\t\t\t\t\t<p><span style=\"color: #000d44; font-family: 'Montserrat Alternates', sans-serif; font-size: 36px; font-weight: bold;\">P\u0159\u00ednos pro klienta<\/span><\/p><p data-start=\"125\" data-end=\"511\">Projekt Tlama Games ukazuje, jak m\u016f\u017ee systematick\u00e9 SEO p\u0159in\u00e9st dlouhodob\u00fd r\u016fst v\u00fdkonu. Za 5 let spolupr\u00e1ce vzrostly tr\u017eby z organick\u00e9ho vyhled\u00e1v\u00e1n\u00ed o v\u00edce ne\u017e <strong data-start=\"284\" data-end=\"293\">300 %<\/strong>, p\u0159i\u010dem\u017e web dnes generuje 1 616 558 sessions a 24 900 objedn\u00e1vek ro\u010dn\u011b. Sou\u010dasn\u011b vznikl nov\u00fd kan\u00e1l v podob\u011b AI trafficu, kter\u00fd narostl z 86 na 7 635 sessions (+8 777 %) a za\u010dal p\u0159in\u00e1\u0161et i prvn\u00ed objedn\u00e1vky (+1 000 %).<\/p><p data-start=\"513\" data-end=\"874\">Digit\u00e1ln\u00ed prost\u0159ed\u00ed se m\u011bn\u00ed a diverzifikace zdroj\u016f n\u00e1v\u0161t\u011bvnosti je kl\u00ed\u010dov\u00e1 pro stabiln\u00ed r\u016fst. Kombinace technick\u00e9ho SEO, \u0161k\u00e1lovateln\u00e9ho obsahu a optimalizace pro AI vedla k v\u00fdrazn\u00e9mu roz\u0161\u00ed\u0159en\u00ed viditelnosti \u2013 web m\u00e1 stovky citovan\u00fdch URL a siln\u00e9 zastoupen\u00ed v odpov\u011bd\u00edch ChatGPT. V\u00fdkon tak nestoj\u00ed na jednom kan\u00e1lu, ale na kombinaci organiku, AI a dal\u0161\u00edch zdroj\u016f.<\/p><p>\u00a0<\/p><p data-start=\"876\" data-end=\"1149\">Stejn\u00fd p\u0159\u00edstup aplikujeme i na dal\u0161\u00ed e-commerce projekty. Zam\u011b\u0159ujeme se na identifikaci p\u0159\u00edle\u017eitost\u00ed s p\u0159\u00edm\u00fdm dopadem na revenue, jejich rychlou implementaci a pr\u016fb\u011b\u017en\u00e9 vyhodnocov\u00e1n\u00ed. C\u00edlem nen\u00ed jen r\u016fst n\u00e1v\u0161t\u011bvnosti, ale m\u011b\u0159iteln\u00fd r\u016fst tr\u017eeb a dlouhodob\u011b udr\u017eiteln\u00fd v\u00fdkon.<\/p>\t\t\t\t\t\t\t\t<\/div>\n\t\t\t\t<\/div>\n\t\t\t\t\t<\/div>\n\t\t<\/div>\n\t\t\t\t\t<\/div>\n\t\t<\/section>\n\t\t<div class=\"elementor-element elementor-element-63a8334 e-flex e-con-boxed e-con e-parent\" data-id=\"63a8334\" data-element_type=\"container\">\n\t\t\t\t\t<div class=\"e-con-inner\">\n\t\t\t\t<div class=\"elementor-element elementor-element-8625449 elementor-widget elementor-widget-global elementor-global-1525 elementor-widget-contact-info\" data-id=\"8625449\" data-element_type=\"widget\" data-widget_type=\"contact-info.default\">\n\t\t\t\t<div class=\"elementor-widget-container\">\n\t\t\t\t\t\r\n\r\n<div class=\"tp-contact-wrapper-home mb-30 mt-30 ele-section\">\r\n    <div class=\"tp-contact-section-wrapper mb-55\">\r\n                <span class=\"tp-section__title-pre has-before has-after ele-subtitle\">Spojte se s n\u00e1mi<\/span>\r\n                <h2 class=\"tp-section__title ele-title\">Konzultace zdarma<br> Z\u00edskejte konzultaci zdarma<\/h2>                <p class=\"ele-description\">Poj\u010fme probrat va\u0161e SEO. Nez\u00e1vazn\u011b a zdarma.<\/p>\r\n            <\/div>\r\n    <div class=\"tp-contact-list\">\r\n\r\n                <div class=\"tp-contact-list-item d-flex align-items-center mb-25\">\r\n            <div class=\"tp-contact-list-icon\">\r\n                                                            <span class=\"tp-el-box-icon\">\r\n                            <i aria-hidden=\"true\" class=\"tp flaticon-phone\"><\/i>                        <\/span>\r\n                                                <\/div>\r\n            <div class=\"tp-contact-list-content\">\r\n                                <span class=\"tp-el-box-title\">Zavolejte n\u00e1m<\/span>\r\n                                                <p class=\"tp-el-box-desc\"><a href=\"tel:721627467\">+420 721 627 467<\/a><\/p>\r\n                            <\/div>\r\n        <\/div>\r\n                <div class=\"tp-contact-list-item d-flex align-items-center mb-25\">\r\n            <div class=\"tp-contact-list-icon\">\r\n                                                            <span class=\"tp-el-box-icon\">\r\n                            <i aria-hidden=\"true\" class=\"tp flaticon-envelope\"><\/i>                        <\/span>\r\n                                                <\/div>\r\n            <div class=\"tp-contact-list-content\">\r\n                                <span class=\"tp-el-box-title\">Napi\u0161te n\u00e1m<\/span>\r\n                                                <p class=\"tp-el-box-desc\"><a href=\"mailto:oberpfalzer@dofollow.cz\">oberpfalzer@dofollow.cz<\/a><\/p>\r\n                            <\/div>\r\n        <\/div>\r\n                <div class=\"tp-contact-list-item d-flex align-items-center mb-25\">\r\n            <div class=\"tp-contact-list-icon\">\r\n                                                            <span class=\"tp-el-box-icon\">\r\n                            <i aria-hidden=\"true\" class=\"tp flaticon-placeholder\"><\/i>                        <\/span>\r\n                                                <\/div>\r\n            <div class=\"tp-contact-list-content\">\r\n                                <span class=\"tp-el-box-title\">Adresa<\/span>\r\n                                                <p class=\"tp-el-box-desc\">Ta\u0161kentsk\u00e1 1413\/8<br>Praha 10 - Vr\u0161ovice<br>101 00<\/p>\r\n                            <\/div>\r\n        <\/div>\r\n        \r\n    <\/div>\r\n<\/div>\r\n\r\n\t\t\t\t<\/div>\n\t\t\t\t<\/div>\n\t\t\t\t\t<\/div>\n\t\t\t\t<\/div>\n\t\t\t\t<\/div>","protected":false},"excerpt":{"rendered":"<p>Optimalizace pro vyhled\u00e1va\u010de Tlama Games Jak jsme pomohli eshopu k n\u00e1r\u016fstu organick\u00e9 n\u00e1v\u0161t\u011bvnosti Pod\u00edvejte se na v\u00fdsledy na\u0161\u00ed pr\u00e1ce pro dlouholet\u00e9ho klienta, kter\u00fd dominuje v segmentu deskov\u00fdch her DETAILY PROJEKTU V\u00fdsledky kompletn\u00ed SEO spr\u00e1vy pro eshop SLU\u017dBA SEO spr\u00e1va KLIENT Tlama Games KATEGORIE: SEO DATUM 2025 SEO strategie Tlama Games SEO u e-commerce projektu Tlama [&hellip;]<\/p>\n","protected":false},"author":1,"featured_media":0,"parent":0,"menu_order":0,"comment_status":"closed","ping_status":"closed","template":"elementor_header_footer","meta":{"_acf_changed":false,"footnotes":""},"class_list":["post-63","page","type-page","status-publish","hentry"],"acf":[],"_links":{"self":[{"href":"http:\/\/dofollow.cz\/en\/wp-json\/wp\/v2\/pages\/63","targetHints":{"allow":["GET"]}}],"collection":[{"href":"http:\/\/dofollow.cz\/en\/wp-json\/wp\/v2\/pages"}],"about":[{"href":"http:\/\/dofollow.cz\/en\/wp-json\/wp\/v2\/types\/page"}],"author":[{"embeddable":true,"href":"http:\/\/dofollow.cz\/en\/wp-json\/wp\/v2\/users\/1"}],"replies":[{"embeddable":true,"href":"http:\/\/dofollow.cz\/en\/wp-json\/wp\/v2\/comments?post=63"}],"version-history":[{"count":15,"href":"http:\/\/dofollow.cz\/en\/wp-json\/wp\/v2\/pages\/63\/revisions"}],"predecessor-version":[{"id":1569,"href":"http:\/\/dofollow.cz\/en\/wp-json\/wp\/v2\/pages\/63\/revisions\/1569"}],"wp:attachment":[{"href":"http:\/\/dofollow.cz\/en\/wp-json\/wp\/v2\/media?parent=63"}],"curies":[{"name":"wp","href":"https:\/\/api.w.org\/{rel}","templated":true}]}}