{"id":54,"date":"2023-03-07T09:36:17","date_gmt":"2023-03-07T09:36:17","guid":{"rendered":"https:\/\/wphix.com\/wp\/cetalog\/?page_id=54"},"modified":"2026-03-21T00:07:26","modified_gmt":"2026-03-20T23:07:26","slug":"kontakt","status":"publish","type":"page","link":"http:\/\/dofollow.cz\/en\/kontakt\/","title":{"rendered":"Kontakt"},"content":{"rendered":"<div data-elementor-type=\"wp-page\" data-elementor-id=\"54\" class=\"elementor elementor-54\" data-elementor-post-type=\"page\">\n\t\t\t\t\t\t<section class=\"elementor-section elementor-top-section elementor-element elementor-element-dbd6f65 elementor-section-full_width elementor-section-height-default elementor-section-height-default\" data-id=\"dbd6f65\" data-element_type=\"section\">\n\t\t\t\t\t\t<div class=\"elementor-container elementor-column-gap-no\">\n\t\t\t\t\t<div class=\"elementor-column elementor-col-100 elementor-top-column elementor-element elementor-element-3d53cf3\" data-id=\"3d53cf3\" data-element_type=\"column\">\n\t\t\t<div class=\"elementor-widget-wrap elementor-element-populated\">\n\t\t\t\t\t\t<section class=\"elementor-section elementor-inner-section elementor-element elementor-element-fce2582 elementor-section-boxed elementor-section-height-default elementor-section-height-default\" data-id=\"fce2582\" data-element_type=\"section\">\n\t\t\t\t\t\t<div class=\"elementor-container elementor-column-gap-default\">\n\t\t\t\t\t<div class=\"elementor-column elementor-col-50 elementor-inner-column elementor-element elementor-element-a761f47\" data-id=\"a761f47\" data-element_type=\"column\">\n\t\t\t<div class=\"elementor-widget-wrap elementor-element-populated\">\n\t\t\t\t\t\t<div class=\"elementor-element elementor-element-cdd6ba3 elementor-widget elementor-widget-tp-social\" data-id=\"cdd6ba3\" data-element_type=\"widget\" data-widget_type=\"tp-social.default\">\n\t\t\t\t<div class=\"elementor-widget-container\">\n\t\t\t\t\t\r\n<!-- style 2 -->\r\n\r\n<div class=\"tp-contact-wrapper pr-130 mb-30 ele-section\">\r\n    <div class=\"tp-contact-section-wrapper-breadcrumb mb-55\">\r\n                <span class=\"tp-section__title-pre has-before has-after ele-subtitle\">Kontaktujte n\u00e1s<\/span>\r\n                <h3 class=\"tp-section__title ele-heading\">Napi\u0161te n\u00e1m. R\u00e1di odpov\u00edme va\u0161e dotazy.<\/h3>                <p class=\"ele-description\">Ozv\u011bte se n\u00e1m a spole\u010dn\u011b posuneme v\u00e1\u0161 web na p\u0159edn\u00ed p\u0159\u00ed\u010dky ve vyhled\u00e1v\u00e1n\u00ed. \u017d\u00e1dn\u00e9 pr\u00e1zdn\u00e9 sliby, jen v\u00fdsledky,  kter\u00e9 d\u00e1vaj\u00ed smysl.<\/p>\r\n            <\/div>\r\n        <div class=\"tp-contact-icons\">\r\n        <a target=\"_blank\" rel=\"noopener\" href=\"https:\/\/facebook.com\/\" class=\"elementor-repeater-item-5ca146b ele-social-button\"><i class=\"fab fa-facebook\" aria-hidden=\"true\"><\/i><\/a><a target=\"_blank\" rel=\"noopener\" href=\"https:\/\/linkedin.com\/\" class=\"elementor-repeater-item-ae0e387 ele-social-button\"><i class=\"fab fa-linkedin\" aria-hidden=\"true\"><\/i><\/a><a target=\"_blank\" rel=\"noopener\" href=\"https:\/\/twitter.com\/\" class=\"elementor-repeater-item-5f17d55 ele-social-button\"><i class=\"fab fa-twitter\" aria-hidden=\"true\"><\/i><\/a><a target=\"_blank\" rel=\"noopener\" href=\"https:\/\/instagram.com\/\" class=\"elementor-repeater-item-e805aca ele-social-button\"><i class=\"fab fa-instagram\" aria-hidden=\"true\"><\/i><\/a>    <\/div>\r\n    <\/div>\r\n\r\n\t\t\t\t<\/div>\n\t\t\t\t<\/div>\n\t\t\t\t\t<\/div>\n\t\t<\/div>\n\t\t\t\t<div class=\"elementor-column elementor-col-50 elementor-inner-column elementor-element elementor-element-e4281ef\" data-id=\"e4281ef\" data-element_type=\"column\">\n\t\t\t<div class=\"elementor-widget-wrap elementor-element-populated\">\n\t\t\t\t\t\t<div class=\"elementor-element elementor-element-8ec822a elementor-widget elementor-widget-contactform\" data-id=\"8ec822a\" data-element_type=\"widget\" data-widget_type=\"contactform.default\">\n\t\t\t\t<div class=\"elementor-widget-container\">\n\t\t\t\t\t\r\n\r\n<div class=\"tpcontact ele-section\">\r\n        <div class=\"tp-contact__form wow fadeInRight ele-section\" data-wow-delay=\".3s\" data-wow-duration=\"1s\">\r\n                \n<div class=\"wpcf7 no-js\" id=\"wpcf7-f273-o1\" lang=\"en-US\" dir=\"ltr\" data-wpcf7-id=\"273\">\n<div class=\"screen-reader-response\"><p role=\"status\" aria-live=\"polite\" aria-atomic=\"true\"><\/p> <ul><\/ul><\/div>\n<form action=\"\/en\/wp-json\/wp\/v2\/pages\/54#wpcf7-f273-o1\" method=\"post\" class=\"wpcf7-form init\" aria-label=\"Contact form\" novalidate=\"novalidate\" data-status=\"init\" data-trp-original-action=\"\/en\/wp-json\/wp\/v2\/pages\/54#wpcf7-f273-o1\">\n<fieldset class=\"hidden-fields-container\"><input type=\"hidden\" name=\"_wpcf7\" value=\"273\" \/><input type=\"hidden\" name=\"_wpcf7_version\" value=\"6.1.5\" \/><input type=\"hidden\" name=\"_wpcf7_locale\" value=\"en_US\" \/><input type=\"hidden\" name=\"_wpcf7_unit_tag\" value=\"wpcf7-f273-o1\" \/><input type=\"hidden\" name=\"_wpcf7_container_post\" value=\"0\" \/><input type=\"hidden\" name=\"_wpcf7_posted_data_hash\" value=\"\" \/>\n<\/fieldset>\n<div class=\"row\">\n    <div class=\"col-md-6\">\n        <div class=\"tp-contact__input\">\n            <span class=\"wpcf7-form-control-wrap\" data-name=\"text-882\"><input size=\"40\" maxlength=\"400\" class=\"wpcf7-form-control wpcf7-text\" aria-invalid=\"false\" placeholder=\"Jm\u00e9no\" value=\"\" type=\"text\" name=\"text-882\" \/><\/span>\n        <\/div>\n    <\/div>\n    <div class=\"col-md-6\">\n        <div class=\"tp-contact__input\">\n            <span class=\"wpcf7-form-control-wrap\" data-name=\"text-882\"><input size=\"40\" maxlength=\"400\" class=\"wpcf7-form-control wpcf7-text\" aria-invalid=\"false\" placeholder=\"P\u0159\u00edjmen\u00ed\" value=\"\" type=\"text\" name=\"text-882\" \/><\/span>\n        <\/div>\n    <\/div>\n    <div class=\"col-md-6\">\n        <div class=\"tp-contact__input\">\n            <span class=\"wpcf7-form-control-wrap\" data-name=\"text-882\"><input size=\"40\" maxlength=\"400\" class=\"wpcf7-form-control wpcf7-text\" aria-invalid=\"false\" placeholder=\"Email\" value=\"\" type=\"text\" name=\"text-882\" \/><\/span>\n        <\/div>\n    <\/div>\n    <div class=\"col-md-6\">\n        <div class=\"tp-contact__input\">\n            <span class=\"wpcf7-form-control-wrap\" data-name=\"text-882\"><input size=\"40\" maxlength=\"400\" class=\"wpcf7-form-control wpcf7-text\" aria-invalid=\"false\" placeholder=\"Telefon\" value=\"\" type=\"text\" name=\"text-882\" \/><\/span>\n        <\/div>\n    <\/div>\n    <div class=\"col-md-12\">\n        <div class=\"tp-contact__input\">\n            <span class=\"wpcf7-form-control-wrap\" data-name=\"textarea-430\"><textarea cols=\"40\" rows=\"10\" maxlength=\"2000\" class=\"wpcf7-form-control wpcf7-textarea\" aria-invalid=\"false\" placeholder=\"Zpr\u00e1va\" name=\"textarea-430\"><\/textarea><\/span>\n        <\/div>\n    <\/div>\n    <div class=\"col-md-12\">\n        <div class=\"tp-contact__btn\">\n            <button type=\"submit\" class=\"tp-btn\">Odeslat zpr\u00e1vu<\/button>\n        <\/div>\n    <\/div>\n<\/div><p style=\"display: none !important;\" class=\"akismet-fields-container\" data-prefix=\"_wpcf7_ak_\"><label>&#916;<textarea name=\"_wpcf7_ak_hp_textarea\" cols=\"45\" rows=\"8\" maxlength=\"100\"><\/textarea><\/label><input type=\"hidden\" id=\"ak_js_1\" name=\"_wpcf7_ak_js\" value=\"192\"\/><script>document.getElementById( \"ak_js_1\" ).setAttribute( \"value\", ( new Date() ).getTime() );<\/script><\/p><div class=\"wpcf7-response-output\" aria-hidden=\"true\"><\/div>\n<input type=\"hidden\" name=\"trp-form-language\" value=\"en\"\/><\/form>\n<\/div>\n            <\/div>\r\n<\/div>\r\n\r\n\t\t\t\t<\/div>\n\t\t\t\t<\/div>\n\t\t\t\t\t<\/div>\n\t\t<\/div>\n\t\t\t\t\t<\/div>\n\t\t<\/section>\n\t\t\t\t\t<\/div>\n\t\t<\/div>\n\t\t\t\t\t<\/div>\n\t\t<\/section>\n\t\t\t\t<section class=\"elementor-section elementor-top-section elementor-element elementor-element-fee4c5d elementor-section-full_width elementor-section-height-default elementor-section-height-default\" data-id=\"fee4c5d\" data-element_type=\"section\">\n\t\t\t\t\t\t<div class=\"elementor-container elementor-column-gap-no\">\n\t\t\t\t\t<div class=\"elementor-column elementor-col-100 elementor-top-column elementor-element elementor-element-b1aa2cc\" data-id=\"b1aa2cc\" data-element_type=\"column\">\n\t\t\t<div class=\"elementor-widget-wrap elementor-element-populated\">\n\t\t\t\t\t\t<section class=\"elementor-section elementor-inner-section elementor-element elementor-element-d251d53 elementor-section-boxed elementor-section-height-default elementor-section-height-default\" data-id=\"d251d53\" data-element_type=\"section\">\n\t\t\t\t\t\t<div class=\"elementor-container elementor-column-gap-default\">\n\t\t\t\t\t<div class=\"elementor-column elementor-col-50 elementor-inner-column elementor-element elementor-element-4a0c5c5\" data-id=\"4a0c5c5\" data-element_type=\"column\">\n\t\t\t<div class=\"elementor-widget-wrap elementor-element-populated\">\n\t\t\t\t\t\t<div class=\"elementor-element elementor-element-a43105d elementor-widget elementor-widget-google_maps\" data-id=\"a43105d\" data-element_type=\"widget\" data-widget_type=\"google_maps.default\">\n\t\t\t\t<div class=\"elementor-widget-container\">\n\t\t\t\t\t\t\t<div class=\"elementor-custom-embed\">\n\t\t\t<iframe loading=\"lazy\"\n\t\t\t\t\tsrc=\"https:\/\/maps.google.com\/maps?q=ta%C5%A1kentsk%C3%A1%201413%2F8%20Praha%2010%20Vr%C5%A1ovice&#038;t=m&#038;z=10&#038;output=embed&#038;iwloc=near\"\n\t\t\t\t\ttitle=\"ta\u0161kentsk\u00e1 1413\/8 Praha 10 Vr\u0161ovice\"\n\t\t\t\t\taria-label=\"ta\u0161kentsk\u00e1 1413\/8 Praha 10 Vr\u0161ovice\"\n\t\t\t><\/iframe>\n\t\t<\/div>\n\t\t\t\t\t\t<\/div>\n\t\t\t\t<\/div>\n\t\t\t\t\t<\/div>\n\t\t<\/div>\n\t\t\t\t<div class=\"elementor-column elementor-col-50 elementor-inner-column elementor-element elementor-element-f898082\" data-id=\"f898082\" data-element_type=\"column\">\n\t\t\t<div class=\"elementor-widget-wrap elementor-element-populated\">\n\t\t\t\t\t\t<div class=\"elementor-element elementor-element-7b0a102 elementor-widget elementor-widget-text-editor\" data-id=\"7b0a102\" data-element_type=\"widget\" data-widget_type=\"text-editor.default\">\n\t\t\t\t<div class=\"elementor-widget-container\">\n\t\t\t\t\t\t\t\t\t<h3 class=\"tp-section__title\">Kontakt<\/h3>\t\t\t\t\t\t\t\t<\/div>\n\t\t\t\t<\/div>\n\t\t\t\t<div class=\"elementor-element elementor-element-e81dfd4 elementor-widget elementor-widget-contact-info\" data-id=\"e81dfd4\" data-element_type=\"widget\" data-widget_type=\"contact-info.default\">\n\t\t\t\t<div class=\"elementor-widget-container\">\n\t\t\t\t\t\r\n\r\n<div class=\"tp-contact-info ele-section\">\r\n    <ul class=\"tp-contact-details\">\r\n\r\n                <li>\r\n                                                <span class=\"tp-el-box-icon\">\r\n                        <i aria-hidden=\"true\" class=\"tp flaticon-phone\"><\/i>                    <\/span>\r\n                                                    <p class=\"tp-el-box-desc\"><a href=\"tel:+420721627467\">+420 721 627 467<\/a><\/p>\r\n                    <\/li>\r\n                <li>\r\n                                                <span class=\"tp-el-box-icon\">\r\n                        <i aria-hidden=\"true\" class=\"tp flaticon-placeholder\"><\/i>                    <\/span>\r\n                                                    <p class=\"tp-el-box-desc\"><a href=\"https:\/\/www.google.com\/maps\/place\/Ta\u0161kentsk\u00e1+1413\/8,+101+00+Praha+10-Vr\u0161ovice\" target=\"_blank\" rel=\"noopener\">\n    Dofollow.cz - Ta\u0161kentsk\u00e1 1413\/8<br>Praha 10, Vr\u0161ovice 101 00\n<\/a><\/p>\r\n                    <\/li>\r\n                <li>\r\n                                                <span class=\"tp-el-box-icon\">\r\n                        <i aria-hidden=\"true\" class=\"tp flaticon-envelope\"><\/i>                    <\/span>\r\n                                                    <p class=\"tp-el-box-desc\"><a href=\"mailto:seo@dofollow.cz\">seo@dofollow.cz<\/a><\/p>\r\n                    <\/li>\r\n        \r\n    <\/ul>\r\n<\/div>\r\n\r\n\r\n\t\t\t\t<\/div>\n\t\t\t\t<\/div>\n\t\t\t\t\t<\/div>\n\t\t<\/div>\n\t\t\t\t\t<\/div>\n\t\t<\/section>\n\t\t\t\t\t<\/div>\n\t\t<\/div>\n\t\t\t\t\t<\/div>\n\t\t<\/section>\n\t\t\t\t<\/div>","protected":false},"excerpt":{"rendered":"<p>Kontaktujte n\u00e1s Napi\u0161te n\u00e1m. R\u00e1di odpov\u00edme va\u0161e dotazy. Ozv\u011bte se n\u00e1m a spole\u010dn\u011b posuneme v\u00e1\u0161 web na p\u0159edn\u00ed p\u0159\u00ed\u010dky ve vyhled\u00e1v\u00e1n\u00ed. \u017d\u00e1dn\u00e9 pr\u00e1zdn\u00e9 sliby, jen v\u00fdsledky, kter\u00e9 d\u00e1vaj\u00ed smysl. Odeslat zpr\u00e1vu &#916; Kontakt +420 721 627 467 Dofollow.cz &#8211; Ta\u0161kentsk\u00e1 1413\/8Praha 10, Vr\u0161ovice 101 00 seo@dofollow.cz<\/p>","protected":false},"author":1,"featured_media":0,"parent":0,"menu_order":0,"comment_status":"closed","ping_status":"closed","template":"elementor_header_footer","meta":{"_acf_changed":false,"footnotes":""},"class_list":["post-54","page","type-page","status-publish","hentry"],"acf":[],"_links":{"self":[{"href":"http:\/\/dofollow.cz\/en\/wp-json\/wp\/v2\/pages\/54","targetHints":{"allow":["GET"]}}],"collection":[{"href":"http:\/\/dofollow.cz\/en\/wp-json\/wp\/v2\/pages"}],"about":[{"href":"http:\/\/dofollow.cz\/en\/wp-json\/wp\/v2\/types\/page"}],"author":[{"embeddable":true,"href":"http:\/\/dofollow.cz\/en\/wp-json\/wp\/v2\/users\/1"}],"replies":[{"embeddable":true,"href":"http:\/\/dofollow.cz\/en\/wp-json\/wp\/v2\/comments?post=54"}],"version-history":[{"count":34,"href":"http:\/\/dofollow.cz\/en\/wp-json\/wp\/v2\/pages\/54\/revisions"}],"predecessor-version":[{"id":1543,"href":"http:\/\/dofollow.cz\/en\/wp-json\/wp\/v2\/pages\/54\/revisions\/1543"}],"wp:attachment":[{"href":"http:\/\/dofollow.cz\/en\/wp-json\/wp\/v2\/media?parent=54"}],"curies":[{"name":"wp","href":"https:\/\/api.w.org\/{rel}","templated":true}]}}