{"id":44,"date":"2023-03-07T09:34:43","date_gmt":"2023-03-07T09:34:43","guid":{"rendered":"https:\/\/wphix.com\/wp\/cetalog\/?page_id=44"},"modified":"2026-03-21T01:17:53","modified_gmt":"2026-03-21T00:17:53","slug":"seo-audit","status":"publish","type":"page","link":"http:\/\/dofollow.cz\/en\/seo-audit\/","title":{"rendered":"SEO audit"},"content":{"rendered":"\t\t<div data-elementor-type=\"wp-page\" data-elementor-id=\"44\" class=\"elementor elementor-44\" data-elementor-post-type=\"page\">\n\t\t\t\t\t\t<section class=\"elementor-section elementor-top-section elementor-element elementor-element-82a5893 elementor-section-full_width elementor-section-height-default elementor-section-height-default\" data-id=\"82a5893\" data-element_type=\"section\">\n\t\t\t\t\t\t<div class=\"elementor-container elementor-column-gap-no\">\n\t\t\t\t\t<div class=\"elementor-column elementor-col-100 elementor-top-column elementor-element elementor-element-4875eed\" data-id=\"4875eed\" data-element_type=\"column\">\n\t\t\t<div class=\"elementor-widget-wrap elementor-element-populated\">\n\t\t\t\t\t\t<div class=\"elementor-element elementor-element-d4f5b47 elementor-widget elementor-widget-text-editor\" data-id=\"d4f5b47\" data-element_type=\"widget\" data-widget_type=\"text-editor.default\">\n\t\t\t\t<div class=\"elementor-widget-container\">\n\t\t\t\t\t\t\t\t\t<section><h3>SEO audit jako z\u00e1klad ka\u017ed\u00e9 rozumn\u00e9 strategie<\/h3><p>Ne\u017e za\u010dnete to\u010dit obsah nebo stav\u011bt zp\u011btn\u00e9 odkazy, pot\u0159ebujete v\u011bd\u011bt, kde web skute\u010dn\u011b stoj\u00ed. SEO audit odhal\u00ed technick\u00e9 bari\u00e9ry, kter\u00e9 br\u00e1n\u00ed indexaci, slabiny v architektu\u0159e webu, d\u00edry v obsahu a d\u016fvody, pro\u010d konkurence rankuje na pozic\u00edch, kter\u00e9 by m\u011bly pat\u0159it v\u00e1m. V\u00fdsledek nen\u00ed tabulka chyb \u2014 je to konkr\u00e9tn\u00ed ak\u010dn\u00ed pl\u00e1n s prioritami a m\u011b\u0159iteln\u00fdmi dopady.<\/p><\/section>\t\t\t\t\t\t\t\t<\/div>\n\t\t\t\t<\/div>\n\t\t\t\t\t<\/div>\n\t\t<\/div>\n\t\t\t\t\t<\/div>\n\t\t<\/section>\n\t\t\t\t<section class=\"elementor-section elementor-top-section elementor-element elementor-element-9a85857 elementor-section-boxed elementor-section-height-default elementor-section-height-default\" data-id=\"9a85857\" data-element_type=\"section\">\n\t\t\t\t\t\t<div class=\"elementor-container elementor-column-gap-no\">\n\t\t\t\t\t<div class=\"elementor-column elementor-col-100 elementor-top-column elementor-element elementor-element-693f674\" data-id=\"693f674\" data-element_type=\"column\">\n\t\t\t<div class=\"elementor-widget-wrap elementor-element-populated\">\n\t\t\t\t\t\t<div class=\"elementor-element elementor-element-dbcd8ef elementor-widget elementor-widget-image\" data-id=\"dbcd8ef\" data-element_type=\"widget\" data-widget_type=\"image.default\">\n\t\t\t\t<div class=\"elementor-widget-container\">\n\t\t\t\t\t\t\t\t\t\t\t\t\t\t\t<img fetchpriority=\"high\" decoding=\"async\" width=\"1020\" height=\"455\" src=\"http:\/\/dofollow.cz\/wp-content\/uploads\/2023\/03\/services-1.jpg\" class=\"attachment-full size-full wp-image-646\" alt=\"\" srcset=\"http:\/\/dofollow.cz\/wp-content\/uploads\/2023\/03\/services-1.jpg 1020w, http:\/\/dofollow.cz\/wp-content\/uploads\/2023\/03\/services-1-300x134.jpg 300w, http:\/\/dofollow.cz\/wp-content\/uploads\/2023\/03\/services-1-768x343.jpg 768w\" sizes=\"(max-width: 1020px) 100vw, 1020px\" \/>\t\t\t\t\t\t\t\t\t\t\t\t\t\t\t<\/div>\n\t\t\t\t<\/div>\n\t\t\t\t\t<\/div>\n\t\t<\/div>\n\t\t\t\t\t<\/div>\n\t\t<\/section>\n\t\t\t\t<section class=\"elementor-section elementor-top-section elementor-element elementor-element-21dc1cb elementor-section-boxed elementor-section-height-default elementor-section-height-default\" data-id=\"21dc1cb\" data-element_type=\"section\">\n\t\t\t\t\t\t<div class=\"elementor-container elementor-column-gap-default\">\n\t\t\t\t\t<div class=\"elementor-column elementor-col-100 elementor-top-column elementor-element elementor-element-d55e79a\" data-id=\"d55e79a\" data-element_type=\"column\">\n\t\t\t<div class=\"elementor-widget-wrap elementor-element-populated\">\n\t\t\t\t\t\t<div class=\"elementor-element elementor-element-c57109b elementor-widget elementor-widget-text-editor\" data-id=\"c57109b\" data-element_type=\"widget\" data-widget_type=\"text-editor.default\">\n\t\t\t\t<div class=\"elementor-widget-container\">\n\t\t\t\t\t\t\t\t\t<section class=\"pt-40\"><div class=\"container container-large\"><div class=\"row justify-content-center\"><div class=\"col-md-10\"><h3 class=\"tp-section__sub-title\">\u0160pi\u010dkov\u00e1 technick\u00e1 SEO anal\u00fdza<\/h3><p class=\"font-claude-response-body break-words whitespace-normal leading-[1.7]\">Crawlability, indexace a HTTP odpov\u011bdi pod lupou<\/p><p class=\"font-claude-response-body break-words whitespace-normal leading-[1.7]\">Proch\u00e1z\u00edm cel\u00fd web jako Googlebot \u2014 analyzuji, co se crawluje, co se indexuje, co se zbyte\u010dn\u011b blokuje a kde jsou p\u0159esm\u011brov\u00e1n\u00ed, kter\u00e1 zpomaluj\u00ed p\u0159enos autority. Ka\u017ed\u00fd HTTP stavov\u00fd k\u00f3d, ka\u017ed\u00e1 canonical direktiva a ka\u017ed\u00fd robots.txt z\u00e1znam m\u00e1 v auditu svoje m\u00edsto.<\/p><div class=\"row\"><div class=\"col-md-6 wow fadeInLeft\" style=\"visibility: hidden; animation-duration: 1s; animation-delay: 0.3s; animation-name: none;\" data-wow-duration=\"1s\" data-wow-delay=\".3s\"><div class=\"tp-services-breadcrumb-point has-border\"><h4>Get to know your visitors<\/h4><p>From their location, time visited and pages<br \/>viewed right down to individual<br \/>click paths.<br \/>Drill deeper on every potential<\/p><\/div><\/div><div class=\"col-md-6 wow fadeInRight\" style=\"visibility: hidden; animation-duration: 1s; animation-delay: 0.3s; animation-name: none;\" data-wow-duration=\"1s\" data-wow-delay=\".3s\"><div class=\"tp-services-breadcrumb-point has-border\"><h4>Social analytics<\/h4><p>From their location, time visited and pages<br \/>viewed right down to individual<br \/>click paths.<br \/>Drill deeper on every potential<\/p><\/div><\/div><div class=\"col-md-6 wow fadeInLeft\" style=\"visibility: hidden; animation-duration: 1.5s; animation-delay: 0.3s; animation-name: none;\" data-wow-duration=\"1.5s\" data-wow-delay=\".3s\"><div class=\"tp-services-breadcrumb-point has-border\"><h4>Measure activity as it happens<\/h4><p>From their location, time visited and pages<br \/>viewed right down to individual<br \/>click paths.<br \/>Drill deeper on every potential<\/p><\/div><\/div><div class=\"col-md-6 wow fadeInRight\" style=\"visibility: hidden; animation-duration: 1.5s; animation-delay: 0.3s; animation-name: none;\" data-wow-duration=\"1.5s\" data-wow-delay=\".3s\"><div class=\"tp-services-breadcrumb-point has-border\"><h4>Content analytics<\/h4><p>From their location, time visited and pages<br \/>viewed right down to individual<br \/>click paths.<br \/>Drill deeper on every potential<\/p><\/div><\/div><div class=\"col-md-6 wow fadeInLeft\" style=\"visibility: hidden; animation-duration: 2s; animation-delay: 0.3s; animation-name: none;\" data-wow-duration=\"2s\" data-wow-delay=\".3s\"><div class=\"tp-services-breadcrumb-point has-border\"><h4>Intelligent reporting<\/h4><p>From their location, time visited and pages<br \/>viewed right down to individual<br \/>click paths.<br \/>Drill deeper on every potential<\/p><\/div><\/div><div class=\"col-md-6 wow fadeInRight\" style=\"visibility: hidden; animation-duration: 2s; animation-delay: 0.3s; animation-name: none;\" data-wow-duration=\"2s\" data-wow-delay=\".3s\"><div class=\"tp-services-breadcrumb-point has-border\"><h4>Mobile analytics<\/h4><p>From their location, time visited and pages<br \/>viewed right down to individual<br \/>click paths.<br \/>Drill deeper on every potential<\/p><\/div><\/div><div class=\"col-md-12\"><div class=\"tp-services-breadcrumb-thumb\">\u00a0<\/div><\/div><\/div><\/div><\/div><\/div><p>\u00a0<\/p><\/section>\t\t\t\t\t\t\t\t<\/div>\n\t\t\t\t<\/div>\n\t\t\t\t\t<\/div>\n\t\t<\/div>\n\t\t\t\t\t<\/div>\n\t\t<\/section>\n\t\t\t\t<section class=\"elementor-section elementor-top-section elementor-element elementor-element-16df4fd elementor-section-boxed elementor-section-height-default elementor-section-height-default\" data-id=\"16df4fd\" data-element_type=\"section\">\n\t\t\t\t\t\t<div class=\"elementor-container elementor-column-gap-default\">\n\t\t\t\t\t<div class=\"elementor-column elementor-col-100 elementor-top-column elementor-element elementor-element-a455c37\" data-id=\"a455c37\" data-element_type=\"column\">\n\t\t\t<div class=\"elementor-widget-wrap elementor-element-populated\">\n\t\t\t\t\t\t<div class=\"elementor-element elementor-element-abf5383 elementor-widget elementor-widget-image\" data-id=\"abf5383\" data-element_type=\"widget\" data-widget_type=\"image.default\">\n\t\t\t\t<div class=\"elementor-widget-container\">\n\t\t\t\t\t\t\t\t\t\t\t\t\t\t\t<img decoding=\"async\" width=\"1020\" height=\"455\" src=\"http:\/\/dofollow.cz\/wp-content\/uploads\/2023\/03\/services-2.jpg\" class=\"attachment-full size-full wp-image-647\" alt=\"\" srcset=\"http:\/\/dofollow.cz\/wp-content\/uploads\/2023\/03\/services-2.jpg 1020w, http:\/\/dofollow.cz\/wp-content\/uploads\/2023\/03\/services-2-300x134.jpg 300w, http:\/\/dofollow.cz\/wp-content\/uploads\/2023\/03\/services-2-768x343.jpg 768w\" sizes=\"(max-width: 1020px) 100vw, 1020px\" \/>\t\t\t\t\t\t\t\t\t\t\t\t\t\t\t<\/div>\n\t\t\t\t<\/div>\n\t\t\t\t<div class=\"elementor-element elementor-element-b2cacdb elementor-widget elementor-widget-text-editor\" data-id=\"b2cacdb\" data-element_type=\"widget\" data-widget_type=\"text-editor.default\">\n\t\t\t\t<div class=\"elementor-widget-container\">\n\t\t\t\t\t\t\t\t\t<h3 class=\"tp-section__title\">Kolik stoj\u00ed SEO audit?<\/h3>\t\t\t\t\t\t\t\t<\/div>\n\t\t\t\t<\/div>\n\t\t\t\t<div class=\"elementor-element elementor-element-3798bc0 elementor-widget elementor-widget-tp-faq\" data-id=\"3798bc0\" data-element_type=\"widget\" data-widget_type=\"tp-faq.default\">\n\t\t\t\t<div class=\"elementor-widget-container\">\n\t\t\t\t\t\r\n\r\n\r\n<div class=\"tp-custom-accordion ele-section\">\r\n    <div class=\"accordion\" id=\"faqaccordion-3798bc0\">\r\n\r\n                        <div class=\"accordion-items wow fadeInUp \" data-wow-duration=\"1s\" data-wow-delay=\".5s\" >\r\n                    <h2 class=\"accordion-header tp-el-box-title\" id=\"faqOne-0\">\r\n                <button class=\"accordion-buttons fq-button tp-el-box-title ele-title collapsed\"\r\n                type=\"button\" data-bs-toggle=\"collapse\"\r\n                data-bs-target=\"#collapseOne-0\" aria-expanded=\"true\"\r\n                aria-controls=\"collapseOne-0\">\r\n                Can I cancel my account at any time?                <\/button>\r\n            <\/h2>\r\n            <div id=\"collapseOne-0\"\r\n            class=\"accordion-collapse collapse \"\r\n            aria-labelledby=\"faqOne-0\"\r\n            data-bs-parent=\"#faqaccordion-3798bc0\">\r\n            <div class=\"accordion-body fq-body ele-content\">\r\n                Ne summo dictas pertinacia nam. Illum cetero vocent ei vim, case regione signiferumque vim te. Ex mea quem munere lobortis. Duis aute irure dolor in reprehenderit in voluptate velit esse cillum.            <\/div>\r\n        <\/div>\r\n        <\/div>\r\n                        <div class=\"accordion-items wow fadeInUp tp-faq-active faq-accordio-border\" data-wow-duration=\"1s\" data-wow-delay=\".5s\" >\r\n                    <h2 class=\"accordion-header tp-el-box-title\" id=\"faqOne-1\">\r\n                <button class=\"accordion-buttons fq-button tp-el-box-title ele-title \"\r\n                type=\"button\" data-bs-toggle=\"collapse\"\r\n                data-bs-target=\"#collapseOne-1\" aria-expanded=\"true\"\r\n                aria-controls=\"collapseOne-1\">\r\n                Can I use the demos made by Ewebot?                <\/button>\r\n            <\/h2>\r\n            <div id=\"collapseOne-1\"\r\n            class=\"accordion-collapse collapse show\"\r\n            aria-labelledby=\"faqOne-1\"\r\n            data-bs-parent=\"#faqaccordion-3798bc0\">\r\n            <div class=\"accordion-body fq-body ele-content\">\r\n                Ne summo dictas pertinacia nam. Illum cetero vocent ei vim, case regione signiferumque vim te. Ex mea quem munere lobortis. Duis aute irure dolor in reprehenderit in voluptate velit esse cillum.            <\/div>\r\n        <\/div>\r\n        <\/div>\r\n                        <div class=\"accordion-items wow fadeInUp \" data-wow-duration=\"1s\" data-wow-delay=\".5s\" >\r\n                    <h2 class=\"accordion-header tp-el-box-title\" id=\"faqOne-2\">\r\n                <button class=\"accordion-buttons fq-button tp-el-box-title ele-title collapsed\"\r\n                type=\"button\" data-bs-toggle=\"collapse\"\r\n                data-bs-target=\"#collapseOne-2\" aria-expanded=\"true\"\r\n                aria-controls=\"collapseOne-2\">\r\n                Why didn\u2019t you showcase my submission?                <\/button>\r\n            <\/h2>\r\n            <div id=\"collapseOne-2\"\r\n            class=\"accordion-collapse collapse \"\r\n            aria-labelledby=\"faqOne-2\"\r\n            data-bs-parent=\"#faqaccordion-3798bc0\">\r\n            <div class=\"accordion-body fq-body ele-content\">\r\n                Ne summo dictas pertinacia nam. Illum cetero vocent ei vim, case regione signiferumque vim te. Ex mea quem munere lobortis. Duis aute irure dolor in reprehenderit in voluptate velit esse cillum.            <\/div>\r\n        <\/div>\r\n        <\/div>\r\n                        <div class=\"accordion-items wow fadeInUp \" data-wow-duration=\"1s\" data-wow-delay=\".5s\" >\r\n                    <h2 class=\"accordion-header tp-el-box-title\" id=\"faqOne-3\">\r\n                <button class=\"accordion-buttons fq-button tp-el-box-title ele-title collapsed\"\r\n                type=\"button\" data-bs-toggle=\"collapse\"\r\n                data-bs-target=\"#collapseOne-3\" aria-expanded=\"true\"\r\n                aria-controls=\"collapseOne-3\">\r\n                What everybody ought to know about digital marketing?                <\/button>\r\n            <\/h2>\r\n            <div id=\"collapseOne-3\"\r\n            class=\"accordion-collapse collapse \"\r\n            aria-labelledby=\"faqOne-3\"\r\n            data-bs-parent=\"#faqaccordion-3798bc0\">\r\n            <div class=\"accordion-body fq-body ele-content\">\r\n                Ne summo dictas pertinacia nam. Illum cetero vocent ei vim, case regione signiferumque vim te. Ex mea quem munere lobortis. Duis aute irure dolor in reprehenderit in voluptate velit esse cillum.            <\/div>\r\n        <\/div>\r\n        <\/div>\r\n        \r\n    <\/div>\r\n<\/div>\r\n\r\n\t\t\t\t<\/div>\n\t\t\t\t<\/div>\n\t\t\t\t\t<\/div>\n\t\t<\/div>\n\t\t\t\t\t<\/div>\n\t\t<\/section>\n\t\t\t\t<\/div>\n\t\t","protected":false},"excerpt":{"rendered":"<p>SEO audit jako z\u00e1klad ka\u017ed\u00e9 rozumn\u00e9 strategie Ne\u017e za\u010dnete to\u010dit obsah nebo stav\u011bt zp\u011btn\u00e9 odkazy, pot\u0159ebujete v\u011bd\u011bt, kde web skute\u010dn\u011b stoj\u00ed. SEO audit odhal\u00ed technick\u00e9 bari\u00e9ry, kter\u00e9 br\u00e1n\u00ed indexaci, slabiny v architektu\u0159e webu, d\u00edry v obsahu a d\u016fvody, pro\u010d konkurence rankuje na pozic\u00edch, kter\u00e9 by m\u011bly pat\u0159it v\u00e1m. V\u00fdsledek nen\u00ed tabulka chyb \u2014 je to [&hellip;]<\/p>\n","protected":false},"author":1,"featured_media":0,"parent":0,"menu_order":0,"comment_status":"closed","ping_status":"closed","template":"elementor_header_footer","meta":{"_acf_changed":false,"footnotes":""},"class_list":["post-44","page","type-page","status-publish","hentry"],"acf":[],"_links":{"self":[{"href":"http:\/\/dofollow.cz\/en\/wp-json\/wp\/v2\/pages\/44","targetHints":{"allow":["GET"]}}],"collection":[{"href":"http:\/\/dofollow.cz\/en\/wp-json\/wp\/v2\/pages"}],"about":[{"href":"http:\/\/dofollow.cz\/en\/wp-json\/wp\/v2\/types\/page"}],"author":[{"embeddable":true,"href":"http:\/\/dofollow.cz\/en\/wp-json\/wp\/v2\/users\/1"}],"replies":[{"embeddable":true,"href":"http:\/\/dofollow.cz\/en\/wp-json\/wp\/v2\/comments?post=44"}],"version-history":[{"count":9,"href":"http:\/\/dofollow.cz\/en\/wp-json\/wp\/v2\/pages\/44\/revisions"}],"predecessor-version":[{"id":1573,"href":"http:\/\/dofollow.cz\/en\/wp-json\/wp\/v2\/pages\/44\/revisions\/1573"}],"wp:attachment":[{"href":"http:\/\/dofollow.cz\/en\/wp-json\/wp\/v2\/media?parent=44"}],"curies":[{"name":"wp","href":"https:\/\/api.w.org\/{rel}","templated":true}]}}